{"id":257,"date":"2021-07-22T18:22:25","date_gmt":"2021-07-22T18:22:25","guid":{"rendered":"https:\/\/demo.athemes.com\/botiga\/?page_id=257"},"modified":"2026-01-23T15:37:00","modified_gmt":"2026-01-23T15:37:00","slug":"contact-us","status":"publish","type":"page","link":"https:\/\/alvintriko.com\/ar\/contact-us\/","title":{"rendered":"\u0627\u062a\u0635\u0644 \u0628\u0646\u0627"},"content":{"rendered":"<div style=\"height:20px\" aria-hidden=\"true\" class=\"wp-block-spacer\"><\/div>\n\n\n\n<div class=\"wp-block-athemes-athemes-blocks-block-google-maps athemes-blocks-block athemes-blocks-block-d568f0d4 athemes-blocks-block-google-maps\"><iframe src=\"https:\/\/www.google.com\/maps\/embed?pb=!1m18!1m12!1m3!1d3008.7154106109574!2d28.988215399999998!3d41.0533522!2m3!1f0!2f0!3f0!3m2!1i1024!2i768!4f13.1!3m3!1m2!1s0x14cab73a20b83813%3A0xb7bf68a316bd6413!2sAlvin%20Triko!5e0!3m2!1str!2str!4v1762174510899!5m2!1str!2str\" width=\"600\" height=\"450\" style=\"border:0;\" allowfullscreen=\"\" loading=\"lazy\" referrerpolicy=\"no-referrer-when-downgrade\"><\/iframe><\/div>\n\n\n\n<h3 class=\"wp-block-heading has-text-align-center\">\u0639\u0646\u0648\u0627\u0646 \u0645\u062a\u062c\u0631\u0646\u0627<\/h3>\n\n\n\n<p class=\"has-text-align-center\">Halaskargazi, Hrant Dink Sok. Merkez Han No:52 D:48, 34371 \u015ei\u015fli\/\u0130stanbul &#8211; Avrupa<\/p>\n\n\n\n<h3 class=\"wp-block-heading has-text-align-center\">\u0633\u0627\u0639\u0627\u062a \u0627\u0644\u0639\u0645\u0644<\/h3>\n\n\n\n<p class=\"has-text-align-center\">\u0645\u0646 \u0627\u0644\u0627\u062b\u0646\u064a\u0646 \u0625\u0644\u0649 \u0627\u0644\u062c\u0645\u0639\u0629: \u0645\u0646 \u0627\u0644\u0633\u0627\u0639\u0629 9 \u0635\u0628\u0627\u062d\u064b\u0627 \u062d\u062a\u0649 6:30 \u0645\u0633\u0627\u0621\u064b<\/p>\n\n\n\n<div class=\"wp-block-columns is-layout-flex wp-container-core-columns-is-layout-28f84493 wp-block-columns-is-layout-flex\">\n<div class=\"wp-block-column is-layout-flow wp-block-column-is-layout-flow\">\n<h3 class=\"wp-block-heading has-text-align-left\">\u0631\u0642\u0645 \u0627\u0644\u0627\u062a\u0635\u0627\u0644<\/h3>\n\n\n\n\n\n<a href=\"https:\/\/wa.me\/905324525599\" \n   target=\"_blank\"\n   style=\"     display: inline-flex;     align-items: center;     justify-content: center;     gap: 10px;     background-color: #25D366;     color: #fff;     font-family: 'Poppins', sans-serif;     font-size: 16px;     font-weight: 500;     text-decoration: none;     padding: 14px 26px; \/* ayn\u0131 de\u011fer *\/     border-radius: 40px;     transition: all 0.3s ease;     line-height: 1;     margin-left: 10px; \/* butonlar aras\u0131nda aral\u0131k *\/   \"\n   onmouseover=\"this.style.backgroundColor='#1EBE5D';\"\n   onmouseout=\"this.style.backgroundColor='#25D366';\">\n   <svg xmlns=\"http:\/\/www.w3.org\/2000\/svg\" viewbox=\"0 0 32 32\" width=\"20\" height=\"20\" fill=\"white\">\n     <path d=\"M16.003 2.003c-7.732 0-14 6.268-14 14 0 2.472.647 4.886 1.879 7.013L2 30l7.167-1.85A13.94 13.94 0 0 0 16.003 30c7.732 0 14-6.268 14-14s-6.268-13.997-14-13.997zm0 25.59c-2.227 0-4.389-.584-6.298-1.689l-.453-.263-4.257 1.099 1.136-4.144-.296-.477a11.58 11.58 0 0 1-1.774-6.115c0-6.411 5.213-11.624 11.636-11.624 3.106 0 6.026 1.211 8.224 3.411a11.545 11.545 0 0 1 3.411 8.213c-.003 6.411-5.216 11.626-11.629 11.626zm6.543-8.707c-.358-.179-2.127-1.047-2.456-1.166-.329-.12-.568-.179-.807.18-.238.358-.928 1.165-1.138 1.403-.209.239-.418.27-.776.09-.358-.179-1.512-.557-2.882-1.777-1.066-.952-1.785-2.127-1.994-2.486-.209-.358-.022-.552.158-.73.162-.162.358-.418.537-.627.179-.209.239-.358.358-.597.12-.239.06-.448-.03-.627-.09-.179-.807-1.948-1.106-2.667-.29-.698-.586-.602-.807-.613-.209-.009-.448-.011-.687-.011-.239 0-.627.09-.956.448-.329.358-1.258 1.229-1.258 2.995 0 1.766 1.288 3.471 1.468 3.71.179.239 2.537 3.878 6.15 5.435.859.371 1.527.593 2.05.759.861.274 1.647.236 2.27.143.693-.103 2.127-.869 2.429-1.707.299-.838.299-1.555.209-1.707-.09-.149-.329-.239-.687-.418z\"\/>\n   <\/svg>\n   WhatsApp ile Ula\u015f\u0131n\n<\/a>\n\n\n\n<p><\/p>\n<\/div>\n\n\n\n<div class=\"wp-block-column is-layout-flow wp-block-column-is-layout-flow\"><\/div>\n<\/div>\n\n\n\n<div style=\"height:30px\" aria-hidden=\"true\" class=\"wp-block-spacer\"><\/div>\n\n\n\n<div class=\"wp-block-columns is-layout-flex wp-container-core-columns-is-layout-28f84493 wp-block-columns-is-layout-flex\">\n<div class=\"wp-block-column is-layout-flow wp-block-column-is-layout-flow\" style=\"flex-basis:60%\">\n<div style=\"height:15px\" aria-hidden=\"true\" class=\"wp-block-spacer\"><\/div>\n<\/div>\n\n\n\n<div class=\"wp-block-column is-layout-flow wp-block-column-is-layout-flow\" style=\"flex-basis:5%\"><\/div>\n<\/div>","protected":false},"excerpt":{"rendered":"<p>Ma\u011faza Adresimiz Halaskargazi, Hrant Dink Sok. Merkez Han No:52 D:48, 34371 \u015ei\u015fli\/\u0130stanbul &#8211; Avrupa \u00c7al\u0131\u015fma Saatleri Pazartesi-Cuma: 09.00-18.30 \u0130leti\u015fim Numaras\u0131 WhatsApp ile Ula\u015f\u0131n<\/p>","protected":false},"author":2,"featured_media":0,"parent":0,"menu_order":0,"comment_status":"closed","ping_status":"closed","template":"","meta":{"footnotes":""},"class_list":["post-257","page","type-page","status-publish","hentry"],"_links":{"self":[{"href":"https:\/\/alvintriko.com\/ar\/wp-json\/wp\/v2\/pages\/257","targetHints":{"allow":["GET"]}}],"collection":[{"href":"https:\/\/alvintriko.com\/ar\/wp-json\/wp\/v2\/pages"}],"about":[{"href":"https:\/\/alvintriko.com\/ar\/wp-json\/wp\/v2\/types\/page"}],"author":[{"embeddable":true,"href":"https:\/\/alvintriko.com\/ar\/wp-json\/wp\/v2\/users\/2"}],"replies":[{"embeddable":true,"href":"https:\/\/alvintriko.com\/ar\/wp-json\/wp\/v2\/comments?post=257"}],"version-history":[{"count":11,"href":"https:\/\/alvintriko.com\/ar\/wp-json\/wp\/v2\/pages\/257\/revisions"}],"predecessor-version":[{"id":644,"href":"https:\/\/alvintriko.com\/ar\/wp-json\/wp\/v2\/pages\/257\/revisions\/644"}],"wp:attachment":[{"href":"https:\/\/alvintriko.com\/ar\/wp-json\/wp\/v2\/media?parent=257"}],"curies":[{"name":"wp","href":"https:\/\/api.w.org\/{rel}","templated":true}]}}